{"id":3841,"date":"2018-08-13T19:56:49","date_gmt":"2018-08-13T16:56:49","guid":{"rendered":"https:\/\/rentagor.com\/ru\/?page_id=3841"},"modified":"2026-05-12T00:11:29","modified_gmt":"2026-05-11T21:11:29","slug":"usloviya-arendi","status":"publish","type":"page","link":"https:\/\/rentagor.com\/tr\/usloviya-arendi\/","title":{"rendered":"Kirama \u015fartlar\u0131"},"content":{"rendered":"<p><strong>\u015eirketimizdeki&nbsp; ara\u00e7&nbsp; kiralama&nbsp; ko\u015fullar\u0131&nbsp; m\u00fcmk\u00fcn&nbsp; oldu\u011funca&nbsp; basittir&nbsp; ve&nbsp; hizmet&nbsp; kalitemizi&nbsp; s\u00fcrekli&nbsp; iyile\u015ftirmeye&nbsp; \u00e7al\u0131\u015f\u0131yoruz. <\/strong><\/p>\n<p><strong>\u00d6NEML\u0130:<\/strong> Bir araba kiralamak i\u00e7in, s\u00fcr\u00fcc\u00fcn\u00fcn 21 ya\u015f\u0131ndan b\u00fcy\u00fck olmas\u0131 ve araba kullanma deneyiminin en az 2 y\u0131l olmas\u0131 gerekir.<\/p>\n<p><strong>REZERVASYON S\u00dcREC\u0130:<\/strong> Size uygun arac\u0131 se\u00e7tikten sonra, web sitesindeki rezervasyon formunu kullanarak bir istek g\u00f6nderebilirsiniz, k\u0131sa s\u00fcrede arac\u0131n \u00fccretsiz olup olmad\u0131\u011f\u0131n\u0131 a\u00e7\u0131klamak i\u00e7in sizinle ileti\u015fime ge\u00e7ece\u011fiz, daha sonra se\u00e7ti\u011finiz arac\u0131 24 saat boyunca otomatik olarak sizin i\u00e7in b\u0131rakaca\u011f\u0131z. Se\u00e7ti\u011finiz tarihlerde me\u015fgul ise, sizinle ileti\u015fime ge\u00e7erek benzer veya daha iyi bir se\u00e7enek sunaca\u011f\u0131z. Bize, sizin i\u00e7in uygun olan <strong>WhatsApp \/ Viber \/ Telegram<\/strong> habercilerinden birinde de yazabilirsiniz ve birlikte sizin i\u00e7in bir araba se\u00e7ece\u011fiz. Son g\u00f6r\u00fc\u015fmelerden ve se\u00e7imlerden sonra, size bir kupon d\u00fczenler ve do\u011frulama i\u00e7in g\u00f6ndeririz. Sizinle havaalan\u0131nda bulu\u015fmak i\u00e7in var\u0131\u015f u\u00e7u\u015funuzun numaras\u0131n\u0131 ve saatini \u00f6nceden belirlemeniz gerekecek, bir ad ve soyad tabelas\u0131 ile bulu\u015faca\u011f\u0131z. Zaten Karada\u011f&#8217;daysan\u0131z, belirtilen adrese bir araba getirece\u011fiz. \u015eirketimizde rezervasyon \u00fccretsizdir, \u00f6nceden bir \u015fey \u00f6demezsiniz, \u00f6deme araban\u0131n al\u0131nmas\u0131ndan sonar t\u00fcm kiralama s\u00fcresi i\u00e7in yap\u0131l\u0131r.<\/p>\n<p><strong>K\u0130RA \u0130\u00c7ER\u0130R:<\/strong><\/p>\n<ul>\n<li><strong>Zorunlu trafik sigortas\u0131 <\/strong><\/li>\n<li><strong>KASKO sigorta<\/strong> (otomobil s\u0131n\u0131f\u0131na ba\u011fl\u0131 olarak franchise ile)<\/li>\n<li><strong>GRINKART<\/strong> (Karada\u011f d\u0131\u015f\u0131na \u00e7\u0131k\u0131\u015f \u00f6nceden kararla\u015ft\u0131r\u0131lmal\u0131d\u0131r)<\/li>\n<li><strong>RETURN \/ RETURN<\/strong> (ARA\u00c7) \u00fccretsizdir (Tivat Havaalan\u0131 \u00fccretsizdir, anla\u015fmaya g\u00f6re di\u011fer \u015fehirler ve kasabalar)<\/li>\n<li><strong> \u00c7OCUK SANDALYE<\/strong><\/li>\n<li><strong> \u0130K\u0130NC\u0130 S\u00dcR\u00dcC\u00dc <\/strong><\/li>\n<\/ul>\n<p><strong>ARABA TESL\u0130M\u0130:<\/strong><\/p>\n<p>Kupondaki veriler sayesinde, havaalan\u0131nda &#8220;Soyad\u0131 ADI&#8221; yaz\u0131l\u0131 tabela ile sizi kar\u015f\u0131layaca\u011f\u0131z veya belirtilen adrese bir araba getirece\u011fiz.<\/p>\n<ul>\n<li><strong>Araba almak i\u00e7in, yan\u0131n\u0131zda bir pasaport ve ehliyet olmas\u0131 gerekir.<\/strong><\/li>\n<li><strong> Temiz bir araba \u00e7\u0131kar\u0131yoruz<\/strong> (d\u00f6nmeden \u00f6nce araban\u0131n y\u0131kanmas\u0131 talep edilmiyor, para cezas\u0131 yok)<\/li>\n<li><strong>Araba muayenesi<\/strong><\/li>\n<li><strong> Ara\u00e7 kiralama formu doldurmak<\/strong><\/li>\n<li><strong>Formdaki yak\u0131t miktar\u0131n\u0131 i\u015faretleme<\/strong><\/li>\n<li><strong>\u00d6deme araban\u0131n al\u0131nmas\u0131ndan sonra t\u00fcm kiralama s\u00fcresi i\u00e7in yap\u0131l\u0131r<\/strong>.<\/li>\n<li><strong>M\u00fc\u015fteri, geri \u00f6denecek depozit \u00f6d\u00fcyor.<\/strong><\/li>\n<li><strong>Arabada sigara i\u00e7mek yasakt\u0131r<\/strong>&nbsp; &nbsp; &nbsp; &nbsp; &nbsp; &nbsp; &nbsp; &nbsp; &nbsp; &nbsp; &nbsp; &nbsp; &nbsp; &nbsp; &nbsp; &nbsp; &nbsp; &nbsp; &nbsp; &nbsp; &nbsp; &nbsp; &nbsp; &nbsp; &nbsp; &nbsp; &nbsp; &nbsp; &nbsp; &nbsp; &nbsp; &nbsp; &nbsp; &nbsp; &nbsp; &nbsp; &nbsp; &nbsp; &nbsp; &nbsp; &nbsp; &nbsp; &nbsp; &nbsp; &nbsp; &nbsp; &nbsp; &nbsp; &nbsp; &nbsp; &nbsp; &nbsp; &nbsp; &nbsp; &nbsp; &nbsp; &nbsp; &nbsp; &nbsp; &nbsp; &nbsp; &nbsp; &nbsp; &nbsp; &nbsp; &nbsp; &nbsp; &nbsp; &nbsp; &nbsp; &nbsp; &nbsp; &nbsp; &nbsp; &nbsp; &nbsp; &nbsp; &nbsp; &nbsp; &nbsp; &nbsp; &nbsp; &nbsp; &nbsp; &nbsp; &nbsp; &nbsp; &nbsp; &nbsp; &nbsp; &nbsp; &nbsp; &nbsp; &nbsp; &nbsp; &nbsp; &nbsp; &nbsp; &nbsp; &nbsp; &nbsp; &nbsp; &nbsp; &nbsp; &nbsp; &nbsp; &nbsp; &nbsp; &nbsp; &nbsp; &nbsp; &nbsp; &nbsp; &nbsp; &nbsp; &nbsp; &nbsp; &nbsp; &nbsp; &nbsp; &nbsp; &nbsp; &nbsp; &nbsp; &nbsp; &nbsp; &nbsp; &nbsp; &nbsp; &nbsp; &nbsp; &nbsp; &nbsp; &nbsp; &nbsp; &nbsp; &nbsp; &nbsp; &nbsp; &nbsp; &nbsp; &nbsp; &nbsp; &nbsp; &nbsp; &nbsp; &nbsp; &nbsp; &nbsp; &nbsp; &nbsp; &nbsp; &nbsp; &nbsp; &nbsp; &nbsp; &nbsp; &nbsp; &nbsp; &nbsp; &nbsp; &nbsp; &nbsp; &nbsp; &nbsp; &nbsp; &nbsp; &nbsp; &nbsp; &nbsp; &nbsp; &nbsp; &nbsp; &nbsp; &nbsp; &nbsp; &nbsp; &nbsp; &nbsp; &nbsp; &nbsp; &nbsp; &nbsp; &nbsp; &nbsp; &nbsp; &nbsp; &nbsp; &nbsp; &nbsp; &nbsp; &nbsp; &nbsp; &nbsp; &nbsp; &nbsp; &nbsp; &nbsp; &nbsp; &nbsp; &nbsp; &nbsp; &nbsp; &nbsp; &nbsp; &nbsp; &nbsp; &nbsp; &nbsp; &nbsp; &nbsp; &nbsp; &nbsp; &nbsp; &nbsp; &nbsp; &nbsp; &nbsp; &nbsp; &nbsp; &nbsp; &nbsp; &nbsp; &nbsp; &nbsp; &nbsp; &nbsp; &nbsp; &nbsp; &nbsp; &nbsp; &nbsp; <strong>ARABANIN \u0130ADES\u0130:<\/strong> Ara\u00e7, kuponda belirtilen yere, kuponda belirtilen yerde ve zamanda iade edilecektir. . Yer ve zaman de\u011fi\u015fikli\u011fi i\u00e7in \u00f6nceden bizimle ileti\u015fime ge\u00e7melisiniz. D\u00f6nmeden \u00f6nce arabay\u0131 y\u0131kaman\u0131z gerekmiyor, biz sizin i\u00e7in \u00fccretsiz olarak yapaca\u011f\u0131z. Herhangi bir sorunuz varsa WhatsApp yaz\u0131n\u0131z<\/li>\n<\/ul>\n","protected":false},"excerpt":{"rendered":"<p>\u015eirketimizdeki&nbsp; ara\u00e7&nbsp; kiralama&nbsp; ko\u015fullar\u0131&nbsp; m\u00fcmk\u00fcn&nbsp; oldu\u011funca&nbsp; basittir&nbsp; ve&nbsp; hizmet&nbsp; kalitemizi&nbsp; s\u00fcrekli&nbsp; iyile\u015ftirmeye&nbsp; \u00e7al\u0131\u015f\u0131yoruz. \u00d6NEML\u0130: Bir araba kiralamak i\u00e7in, s\u00fcr\u00fcc\u00fcn\u00fcn 21 ya\u015f\u0131ndan b\u00fcy\u00fck olmas\u0131 ve araba kullanma deneyiminin en az 2 y\u0131l olmas\u0131 gerekir. REZERVASYON S\u00dcREC\u0130: Size uygun arac\u0131 se\u00e7tikten sonra, web sitesindeki rezervasyon formunu kullanarak bir istek g\u00f6nderebilirsiniz, k\u0131sa s\u00fcrede arac\u0131n \u00fccretsiz olup olmad\u0131\u011f\u0131n\u0131 a\u00e7\u0131klamak [&hellip;]<\/p>\n","protected":false},"author":1,"featured_media":0,"parent":0,"menu_order":0,"comment_status":"closed","ping_status":"closed","template":"","meta":{"ngg_post_thumbnail":0,"footnotes":""},"class_list":["post-3841","page","type-page","status-publish","hentry"],"yoast_head":"<!-- This site is optimized with the Yoast SEO plugin v27.5 - https:\/\/yoast.com\/product\/yoast-seo-wordpress\/ -->\n<title>Kirama \u015fartlar\u0131<\/title>\n<meta name=\"robots\" content=\"index, follow, max-snippet:-1, max-image-preview:large, max-video-preview:-1\" \/>\n<link rel=\"canonical\" href=\"https:\/\/rentagor.com\/tr\/usloviya-arendi\/\" \/>\n<meta property=\"og:locale\" content=\"tr_TR\" \/>\n<meta property=\"og:locale:alternate\" content=\"ru_RU\" \/>\n<meta property=\"og:locale:alternate\" content=\"en_US\" \/>\n<meta property=\"og:type\" content=\"article\" \/>\n<meta property=\"og:title\" content=\"Kirama \u015fartlar\u0131\" \/>\n<meta property=\"og:description\" content=\"\u015eirketimizdeki&nbsp; ara\u00e7&nbsp; kiralama&nbsp; ko\u015fullar\u0131&nbsp; m\u00fcmk\u00fcn&nbsp; oldu\u011funca&nbsp; basittir&nbsp; ve&nbsp; hizmet&nbsp; kalitemizi&nbsp; s\u00fcrekli&nbsp; iyile\u015ftirmeye&nbsp; \u00e7al\u0131\u015f\u0131yoruz. \u00d6NEML\u0130: Bir araba kiralamak i\u00e7in, s\u00fcr\u00fcc\u00fcn\u00fcn 21 ya\u015f\u0131ndan b\u00fcy\u00fck olmas\u0131 ve araba kullanma deneyiminin en az 2 y\u0131l olmas\u0131 gerekir. REZERVASYON S\u00dcREC\u0130: Size uygun arac\u0131 se\u00e7tikten sonra, web sitesindeki rezervasyon formunu kullanarak bir istek g\u00f6nderebilirsiniz, k\u0131sa s\u00fcrede arac\u0131n \u00fccretsiz olup olmad\u0131\u011f\u0131n\u0131 a\u00e7\u0131klamak [&hellip;]\" \/>\n<meta property=\"og:url\" content=\"https:\/\/rentagor.com\/tr\/usloviya-arendi\/\" \/>\n<meta property=\"og:site_name\" content=\"Montenegro ara\u00e7 kiralama\" \/>\n<meta property=\"article:publisher\" content=\"https:\/\/www.facebook.com\/?checkpoint_src=any\" \/>\n<meta property=\"article:modified_time\" content=\"2026-05-11T21:11:29+00:00\" \/>\n<meta name=\"twitter:card\" content=\"summary_large_image\" \/>\n<meta name=\"twitter:label1\" content=\"Tahmini okuma s\u00fcresi\" \/>\n\t<meta name=\"twitter:data1\" content=\"3 dakika\" \/>\n<script type=\"application\/ld+json\" class=\"yoast-schema-graph\">{\"@context\":\"https:\\\/\\\/schema.org\",\"@graph\":[{\"@type\":\"WebPage\",\"@id\":\"https:\\\/\\\/rentagor.com\\\/en\\\/usloviya-arendi\\\/\",\"url\":\"https:\\\/\\\/rentagor.com\\\/en\\\/usloviya-arendi\\\/\",\"name\":\"Kirama \u015fartlar\u0131\",\"isPartOf\":{\"@id\":\"https:\\\/\\\/rentagor.com\\\/en\\\/#website\"},\"datePublished\":\"2018-08-13T16:56:49+00:00\",\"dateModified\":\"2026-05-11T21:11:29+00:00\",\"breadcrumb\":{\"@id\":\"https:\\\/\\\/rentagor.com\\\/en\\\/usloviya-arendi\\\/#breadcrumb\"},\"inLanguage\":\"tr-TR\",\"potentialAction\":[{\"@type\":\"ReadAction\",\"target\":[\"https:\\\/\\\/rentagor.com\\\/en\\\/usloviya-arendi\\\/\"]}]},{\"@type\":\"BreadcrumbList\",\"@id\":\"https:\\\/\\\/rentagor.com\\\/en\\\/usloviya-arendi\\\/#breadcrumb\",\"itemListElement\":[{\"@type\":\"ListItem\",\"position\":1,\"name\":\"\u0413\u043b\u0430\u0432\u043d\u0430\u044f \u0441\u0442\u0440\u0430\u043d\u0438\u0446\u0430\",\"item\":\"https:\\\/\\\/rentagor.com\\\/en\\\/\"},{\"@type\":\"ListItem\",\"position\":2,\"name\":\"Rental Conditions\"}]},{\"@type\":\"WebSite\",\"@id\":\"https:\\\/\\\/rentagor.com\\\/en\\\/#website\",\"url\":\"https:\\\/\\\/rentagor.com\\\/en\\\/\",\"name\":\"\u041f\u0440\u043e\u043a\u0430\u0442 \u0430\u0432\u0442\u043e\u043c\u043e\u0431\u0438\u043b\u0435\u0439 \u0432 \u0427\u0435\u0440\u043d\u043e\u0433\u043e\u0440\u0438\u0438 Rentagor\",\"description\":\"\u015eirketimiz Montenegroda kaliteli araba kiralama hizmeti vermektedir.\",\"publisher\":{\"@id\":\"https:\\\/\\\/rentagor.com\\\/en\\\/#organization\"},\"potentialAction\":[{\"@type\":\"SearchAction\",\"target\":{\"@type\":\"EntryPoint\",\"urlTemplate\":\"https:\\\/\\\/rentagor.com\\\/en\\\/?s={search_term_string}\"},\"query-input\":{\"@type\":\"PropertyValueSpecification\",\"valueRequired\":true,\"valueName\":\"search_term_string\"}}],\"inLanguage\":\"tr-TR\"},{\"@type\":\"Organization\",\"@id\":\"https:\\\/\\\/rentagor.com\\\/en\\\/#organization\",\"name\":\"\u041f\u0440\u043e\u043a\u0430\u0442 \u0430\u0432\u0442\u043e\u043c\u043e\u0431\u0438\u043b\u0435\u0439 \u0432 \u0427\u0435\u0440\u043d\u043e\u0433\u043e\u0440\u0438\u0438 Rentagor\",\"url\":\"https:\\\/\\\/rentagor.com\\\/en\\\/\",\"logo\":{\"@type\":\"ImageObject\",\"inLanguage\":\"tr-TR\",\"@id\":\"https:\\\/\\\/rentagor.com\\\/en\\\/#\\\/schema\\\/logo\\\/image\\\/\",\"url\":\"https:\\\/\\\/rentagor.com\\\/wp-content\\\/uploads\\\/2026\\\/05\\\/WhatsApp-Image-2026-05-07-at-12.15.03.jpeg\",\"contentUrl\":\"https:\\\/\\\/rentagor.com\\\/wp-content\\\/uploads\\\/2026\\\/05\\\/WhatsApp-Image-2026-05-07-at-12.15.03.jpeg\",\"width\":1600,\"height\":1592,\"caption\":\"\u041f\u0440\u043e\u043a\u0430\u0442 \u0430\u0432\u0442\u043e\u043c\u043e\u0431\u0438\u043b\u0435\u0439 \u0432 \u0427\u0435\u0440\u043d\u043e\u0433\u043e\u0440\u0438\u0438 Rentagor\"},\"image\":{\"@id\":\"https:\\\/\\\/rentagor.com\\\/en\\\/#\\\/schema\\\/logo\\\/image\\\/\"},\"sameAs\":[\"https:\\\/\\\/www.facebook.com\\\/?checkpoint_src=any\"]}]}<\/script>\n<!-- \/ Yoast SEO plugin. -->","yoast_head_json":{"title":"Kirama \u015fartlar\u0131","robots":{"index":"index","follow":"follow","max-snippet":"max-snippet:-1","max-image-preview":"max-image-preview:large","max-video-preview":"max-video-preview:-1"},"canonical":"https:\/\/rentagor.com\/tr\/usloviya-arendi\/","og_locale":"tr_TR","og_type":"article","og_title":"[:ru]\u0423\u0441\u043b\u043e\u0432\u0438\u044f \u0430\u0440\u0435\u043d\u0434\u044b[:en]Rental Conditions[:tr]Kirama \u015fartlar\u0131[:] - Montenegro ara\u00e7 kiralama","og_description":"\u015eirketimizdeki&nbsp; ara\u00e7&nbsp; kiralama&nbsp; ko\u015fullar\u0131&nbsp; m\u00fcmk\u00fcn&nbsp; oldu\u011funca&nbsp; basittir&nbsp; ve&nbsp; hizmet&nbsp; kalitemizi&nbsp; s\u00fcrekli&nbsp; iyile\u015ftirmeye&nbsp; \u00e7al\u0131\u015f\u0131yoruz. \u00d6NEML\u0130: Bir araba kiralamak i\u00e7in, s\u00fcr\u00fcc\u00fcn\u00fcn 21 ya\u015f\u0131ndan b\u00fcy\u00fck olmas\u0131 ve araba kullanma deneyiminin en az 2 y\u0131l olmas\u0131 gerekir. REZERVASYON S\u00dcREC\u0130: Size uygun arac\u0131 se\u00e7tikten sonra, web sitesindeki rezervasyon formunu kullanarak bir istek g\u00f6nderebilirsiniz, k\u0131sa s\u00fcrede arac\u0131n \u00fccretsiz olup olmad\u0131\u011f\u0131n\u0131 a\u00e7\u0131klamak [&hellip;]","og_url":"https:\/\/rentagor.com\/tr\/usloviya-arendi\/","og_site_name":"Montenegro ara\u00e7 kiralama","article_publisher":"https:\/\/www.facebook.com\/?checkpoint_src=any","article_modified_time":"2026-05-11T21:11:29+00:00","twitter_card":"summary_large_image","twitter_misc":{"Tahmini okuma s\u00fcresi":"3 dakika"},"schema":{"@context":"https:\/\/schema.org","@graph":[{"@type":"WebPage","@id":"https:\/\/rentagor.com\/en\/usloviya-arendi\/","url":"https:\/\/rentagor.com\/en\/usloviya-arendi\/","name":"Kirama \u015fartlar\u0131","isPartOf":{"@id":"https:\/\/rentagor.com\/en\/#website"},"datePublished":"2018-08-13T16:56:49+00:00","dateModified":"2026-05-11T21:11:29+00:00","breadcrumb":{"@id":"https:\/\/rentagor.com\/en\/usloviya-arendi\/#breadcrumb"},"inLanguage":"tr-TR","potentialAction":[{"@type":"ReadAction","target":["https:\/\/rentagor.com\/en\/usloviya-arendi\/"]}]},{"@type":"BreadcrumbList","@id":"https:\/\/rentagor.com\/en\/usloviya-arendi\/#breadcrumb","itemListElement":[{"@type":"ListItem","position":1,"name":"\u0413\u043b\u0430\u0432\u043d\u0430\u044f \u0441\u0442\u0440\u0430\u043d\u0438\u0446\u0430","item":"https:\/\/rentagor.com\/en\/"},{"@type":"ListItem","position":2,"name":"Rental Conditions"}]},{"@type":"WebSite","@id":"https:\/\/rentagor.com\/en\/#website","url":"https:\/\/rentagor.com\/en\/","name":"\u041f\u0440\u043e\u043a\u0430\u0442 \u0430\u0432\u0442\u043e\u043c\u043e\u0431\u0438\u043b\u0435\u0439 \u0432 \u0427\u0435\u0440\u043d\u043e\u0433\u043e\u0440\u0438\u0438 Rentagor","description":"\u015eirketimiz Montenegroda kaliteli araba kiralama hizmeti vermektedir.","publisher":{"@id":"https:\/\/rentagor.com\/en\/#organization"},"potentialAction":[{"@type":"SearchAction","target":{"@type":"EntryPoint","urlTemplate":"https:\/\/rentagor.com\/en\/?s={search_term_string}"},"query-input":{"@type":"PropertyValueSpecification","valueRequired":true,"valueName":"search_term_string"}}],"inLanguage":"tr-TR"},{"@type":"Organization","@id":"https:\/\/rentagor.com\/en\/#organization","name":"\u041f\u0440\u043e\u043a\u0430\u0442 \u0430\u0432\u0442\u043e\u043c\u043e\u0431\u0438\u043b\u0435\u0439 \u0432 \u0427\u0435\u0440\u043d\u043e\u0433\u043e\u0440\u0438\u0438 Rentagor","url":"https:\/\/rentagor.com\/en\/","logo":{"@type":"ImageObject","inLanguage":"tr-TR","@id":"https:\/\/rentagor.com\/en\/#\/schema\/logo\/image\/","url":"https:\/\/rentagor.com\/wp-content\/uploads\/2026\/05\/WhatsApp-Image-2026-05-07-at-12.15.03.jpeg","contentUrl":"https:\/\/rentagor.com\/wp-content\/uploads\/2026\/05\/WhatsApp-Image-2026-05-07-at-12.15.03.jpeg","width":1600,"height":1592,"caption":"\u041f\u0440\u043e\u043a\u0430\u0442 \u0430\u0432\u0442\u043e\u043c\u043e\u0431\u0438\u043b\u0435\u0439 \u0432 \u0427\u0435\u0440\u043d\u043e\u0433\u043e\u0440\u0438\u0438 Rentagor"},"image":{"@id":"https:\/\/rentagor.com\/en\/#\/schema\/logo\/image\/"},"sameAs":["https:\/\/www.facebook.com\/?checkpoint_src=any"]}]}},"_links":{"self":[{"href":"https:\/\/rentagor.com\/tr\/wp-json\/wp\/v2\/pages\/3841","targetHints":{"allow":["GET"]}}],"collection":[{"href":"https:\/\/rentagor.com\/tr\/wp-json\/wp\/v2\/pages"}],"about":[{"href":"https:\/\/rentagor.com\/tr\/wp-json\/wp\/v2\/types\/page"}],"author":[{"embeddable":true,"href":"https:\/\/rentagor.com\/tr\/wp-json\/wp\/v2\/users\/1"}],"replies":[{"embeddable":true,"href":"https:\/\/rentagor.com\/tr\/wp-json\/wp\/v2\/comments?post=3841"}],"version-history":[{"count":47,"href":"https:\/\/rentagor.com\/tr\/wp-json\/wp\/v2\/pages\/3841\/revisions"}],"predecessor-version":[{"id":6808,"href":"https:\/\/rentagor.com\/tr\/wp-json\/wp\/v2\/pages\/3841\/revisions\/6808"}],"wp:attachment":[{"href":"https:\/\/rentagor.com\/tr\/wp-json\/wp\/v2\/media?parent=3841"}],"curies":[{"name":"wp","href":"https:\/\/api.w.org\/{rel}","templated":true}]}}