{"id":3846,"date":"2018-08-13T20:11:45","date_gmt":"2018-08-13T17:11:45","guid":{"rendered":"https:\/\/rentagor.com\/ru\/?page_id=3846"},"modified":"2025-06-14T22:13:47","modified_gmt":"2025-06-14T19:13:47","slug":"reviews","status":"publish","type":"page","link":"https:\/\/rentagor.com\/tr\/reviews\/","title":{"rendered":"Yorumlar"},"content":{"rendered":"\n<div class=\"wpcf7 no-js\" id=\"wpcf7-f2755-o1\" lang=\"ru-RU\" dir=\"ltr\" data-wpcf7-id=\"2755\">\n<div class=\"screen-reader-response\"><p role=\"status\" aria-live=\"polite\" aria-atomic=\"true\"><\/p> <ul><\/ul><\/div>\n<form action=\"\/tr\/wp-json\/wp\/v2\/pages\/3846#wpcf7-f2755-o1\" method=\"post\" class=\"wpcf7-form init\" aria-label=\"\u041a\u043e\u043d\u0442\u0430\u043a\u0442\u043d\u0430\u044f \u0444\u043e\u0440\u043c\u0430\" enctype=\"multipart\/form-data\" novalidate=\"novalidate\" data-status=\"init\">\n<fieldset class=\"hidden-fields-container\"><input type=\"hidden\" name=\"_wpcf7\" value=\"2755\" \/><input type=\"hidden\" name=\"_wpcf7_version\" value=\"6.1.5\" \/><input type=\"hidden\" name=\"_wpcf7_locale\" value=\"ru_RU\" \/><input type=\"hidden\" name=\"_wpcf7_unit_tag\" value=\"wpcf7-f2755-o1\" \/><input type=\"hidden\" name=\"_wpcf7_container_post\" value=\"0\" \/><input type=\"hidden\" name=\"_wpcf7_posted_data_hash\" value=\"\" \/><input type=\"hidden\" name=\"lang\" value=\"tr\" \/>\n<\/fieldset>\n<div style=\"clear: both\">\n<\/div>\n<p><label>Your name: <span style=\"color: red\">*<\/span><\/label><br \/>\n<span class=\"wpcf7-form-control-wrap\" data-name=\"username\"><input size=\"40\" maxlength=\"400\" class=\"wpcf7-form-control wpcf7-text wpcf7-validates-as-required\" aria-required=\"true\" aria-invalid=\"false\" placeholder=\"\" value=\"\" type=\"text\" name=\"username\" \/><\/span>\n<\/p>\n<p><span id=\"wpcf7-69f1e99a58acf-wrapper\" class=\"wpcf7-form-control-wrap email-wrap\" ><input type=\"hidden\" name=\"email-time-start\" value=\"1777461658\"><input type=\"hidden\" name=\"email-time-check\" value=\"7\"><label for=\"wpcf7-69f1e99a58acf-field\" class=\"hp-message\">\u041e\u0441\u0442\u0430\u0432\u044c\u0442\u0435 \u044d\u0442\u043e \u043f\u043e\u043b\u0435 \u043f\u0443\u0441\u0442\u044b\u043c.<\/label><input id=\"wpcf7-69f1e99a58acf-field\"  class=\"wpcf7-form-control wpcf7-text\" type=\"text\" name=\"email\" value=\"\" size=\"40\" tabindex=\"-1\" autocomplete=\"new-password\" \/><\/span>\n<\/p>\n<p><input type=\"button\" value=\"Attach your photo\" id=\"get_file_review\" \/><br \/>\n<span class=\"wpcf7-form-control-wrap\" data-name=\"user_photo\"><input size=\"40\" class=\"wpcf7-form-control wpcf7-file\" accept=\".jpg,.png,.jpeg\" aria-invalid=\"false\" type=\"file\" name=\"user_photo\" \/><\/span>\n<\/p>\n<p><label>Review: <span style=\"color: red\">*<\/span><\/label>\n<\/p>\n<div class=\"col-sm-12 col-md-12 col-lg-11\">\n\t<div id=\"add_review_text\">\n\t\t<p><span class=\"wpcf7-form-control-wrap\" data-name=\"review_message\"><textarea cols=\"40\" rows=\"10\" maxlength=\"2000\" class=\"wpcf7-form-control wpcf7-textarea wpcf7-validates-as-required\" aria-required=\"true\" aria-invalid=\"false\" placeholder=\"\" name=\"review_message\"><\/textarea><\/span>\n\t\t<\/p>\n\t<\/div>\n<\/div>\n<div class=\"form__block__review\">\n\t<p><input class=\"wpcf7-form-control wpcf7-submit has-spinner\" type=\"submit\" value=\"Send\" \/>\n\t<\/p>\n<\/div><p style=\"display: none !important;\" class=\"akismet-fields-container\" data-prefix=\"_wpcf7_ak_\"><label>&#916;<textarea name=\"_wpcf7_ak_hp_textarea\" cols=\"45\" rows=\"8\" maxlength=\"100\"><\/textarea><\/label><input type=\"hidden\" id=\"ak_js_1\" name=\"_wpcf7_ak_js\" value=\"84\"\/><script>document.getElementById( \"ak_js_1\" ).setAttribute( \"value\", ( new Date() ).getTime() );<\/script><\/p><div class=\"wpcf7-response-output\" aria-hidden=\"true\"><\/div>\n<\/form>\n<\/div>\n\n\t\t<div class=\"style-no_style  show_thumbs hide_title show_position show_date stars_rating show_other easy-t-category-feedback-from-our-customers-tr  easy_t_single_testimonial\">\r\n\t\t\t\t\t<script>\r\n\t\t\t{\r\n\t\t\t  \"@context\": \"http:\/\/schema.org\/\",\r\n\t\t\t  \"@type\": \"Review\",\r\n\t\t\t  \"itemReviewed\": {\r\n\t\t\t\t\"@type\": \"Organization\",\r\n\t\t\t\t\"name\": \"\"\t\t\t  },\r\n\t\t\t  \"reviewRating\": {\r\n\t\t\t\t\"@type\": \"Rating\",\r\n\t\t\t\t\"ratingValue\": 5,\r\n\t\t\t\t\"bestRating\": \"5\"\r\n\t\t\t  },\r\n\t\t\t  \"name\": \"Burek\",\r\n\t\t\t  \"author\": {\r\n\t\t\t\t\"@type\": \"Person\",\r\n\t\t\t\t\"name\": \"Burek Tantal\"\t\t\t  },\r\n\t\t\t  \"reviewBody\": \"Ben Burek\\n\"\t\t\t}\r\n\t\t<\/script>\r\n\t\t\t\t\t<blockquote class=\"easy_testimonial\">\r\n\t\t\t\t<div class=\"easy_testimonial_image_wrapper\"><img decoding=\"async\" class=\"attachment-medium wp-post-image easy_testimonial_mystery_person\" alt=\"default image\" src=\"https:\/\/rentagor.com\/wp-content\/plugins\/easy-testimonials\/include\/assets\/img\/mystery-person.png\" \/><\/div>\t\t\r\n\t\t\t\t\t\r\n\t\t\t\t\t\t\t\t<div class=\"testimonial_body\">\r\n\t\t\t\t\t<p>Ben Burek<\/p>\n\t\t\t\t\t\t\t\t\t<\/div>\t\r\n\t\t\t\t\t\t\t\t\r\n\t\t\t\t<p class=\"testimonial_author\">\r\n\t\t\t\t\t\t\t\t\t\t\t\t\t\t\t<cite>\r\n\t\t\t\t\t\t\t\t\t\t\t\t\t<span class=\"testimonial-client\">Burek Tantal<\/span>\r\n\t\t\t\t\t\t\t\t\t\t\t\t\t\t\t\t\t\t\t\t\t\t\t\t\t\t\t\t\t\t\t<span class=\"date\">03.08.2024<\/span>\r\n\t\t\t\t\t\t\t\t\t\t\t\t\t\t\t\t\t<\/cite>\r\n\t\t\t\t\t\t\t\t\t\t\r\n\t\t\t\t<\/p>\t\r\n\t\t\t\t\t\t\t\t\t\t\t\t<div class=\"easy_t_clear\"><\/div>\r\n\t\t\t<\/blockquote>\r\n\t\t<\/div>\t\t<div class=\"style-no_style  show_thumbs hide_title show_position show_date stars_rating show_other easy-t-category-feedback-from-our-customers-en  easy_t_single_testimonial\">\r\n\t\t\t\t\t<script>\r\n\t\t\t{\r\n\t\t\t  \"@context\": \"http:\/\/schema.org\/\",\r\n\t\t\t  \"@type\": \"Review\",\r\n\t\t\t  \"itemReviewed\": {\r\n\t\t\t\t\"@type\": \"Organization\",\r\n\t\t\t\t\"name\": \"\"\t\t\t  },\r\n\t\t\t  \"reviewRating\": {\r\n\t\t\t\t\"@type\": \"Rating\",\r\n\t\t\t\t\"ratingValue\": \"5\",\r\n\t\t\t\t\"bestRating\": \"5\"\r\n\t\t\t  },\r\n\t\t\t  \"name\": \"John\",\r\n\t\t\t  \"author\": {\r\n\t\t\t\t\"@type\": \"Person\",\r\n\t\t\t\t\"name\": \"John\"\t\t\t  },\r\n\t\t\t  \"reviewBody\": \"I am John\\n\"\t\t\t}\r\n\t\t<\/script>\r\n\t\t\t\t\t<blockquote class=\"easy_testimonial\">\r\n\t\t\t\t<div class=\"easy_testimonial_image_wrapper\"><img decoding=\"async\" class=\"attachment-medium wp-post-image easy_testimonial_mystery_person\" alt=\"default image\" src=\"https:\/\/rentagor.com\/wp-content\/plugins\/easy-testimonials\/include\/assets\/img\/mystery-person.png\" \/><\/div>\t\t\r\n\t\t\t\t\t\r\n\t\t\t\t\t\t\t\t<div class=\"testimonial_body\">\r\n\t\t\t\t\t<p>I am John<\/p>\n\t\t\t\t\t\t\t\t\t<\/div>\t\r\n\t\t\t\t\t\t\t\t\r\n\t\t\t\t<p class=\"testimonial_author\">\r\n\t\t\t\t\t\t\t\t\t\t\t\t\t\t\t<cite>\r\n\t\t\t\t\t\t\t\t\t\t\t\t\t<span class=\"testimonial-client\">John<\/span>\r\n\t\t\t\t\t\t\t\t\t\t\t\t\t\t\t\t\t\t\t\t\t\t\t\t\t\t\t\t\t\t\t<span class=\"date\">03.08.2024<\/span>\r\n\t\t\t\t\t\t\t\t\t\t\t\t\t\t\t\t\t\t\t\t\t\t\t\t\t\t<span class=\"stars\">\r\n\t\t\t\t\t\t\t<span class=\"dashicons dashicons-star-filled\"><\/span><span class=\"dashicons dashicons-star-filled\"><\/span><span class=\"dashicons dashicons-star-filled\"><\/span><span class=\"dashicons dashicons-star-filled\"><\/span><span class=\"dashicons dashicons-star-filled\"><\/span>\t\t\t\r\n\t\t\t\t\t\t\t<\/span>\t\r\n\t\t\t\t\t\t\t\t\t\t\t\t\t\t\t\t\t\t<\/cite>\r\n\t\t\t\t\t\t\t\t\t\t\r\n\t\t\t\t<\/p>\t\r\n\t\t\t\t\t\t\t\t\t\t\t\t<div class=\"easy_t_clear\"><\/div>\r\n\t\t\t<\/blockquote>\r\n\t\t<\/div>\t\t<div class=\"style-no_style  show_thumbs hide_title show_position show_date stars_rating show_other easy-t-category-feedback-from-our-customers  easy_t_single_testimonial\">\r\n\t\t\t\t\t<script>\r\n\t\t\t{\r\n\t\t\t  \"@context\": \"http:\/\/schema.org\/\",\r\n\t\t\t  \"@type\": \"Review\",\r\n\t\t\t  \"itemReviewed\": {\r\n\t\t\t\t\"@type\": \"Organization\",\r\n\t\t\t\t\"name\": \"\"\t\t\t  },\r\n\t\t\t  \"reviewRating\": {\r\n\t\t\t\t\"@type\": \"Rating\",\r\n\t\t\t\t\"ratingValue\": 5,\r\n\t\t\t\t\"bestRating\": \"5\"\r\n\t\t\t  },\r\n\t\t\t  \"name\": \"\\u0415\\u043b\\u0435\\u043d\\u0430\",\r\n\t\t\t  \"author\": {\r\n\t\t\t\t\"@type\": \"Person\",\r\n\t\t\t\t\"name\": \"[:ru]\\u0415\\u043b\\u0435\\u043d\\u0430[:en]Elena[:tr]Elena\"\t\t\t  },\r\n\t\t\t  \"reviewBody\": \"Arabay\\u0131 2 haftal\\u0131\\u011f\\u0131na kiralad\\u0131k. Birka\\u00e7 ay \\u00f6nceden rezervasyon yapt\\u0131rd\\u0131k. Ara\\u00e7 tam zaman\\u0131nda teslim edildi. Kom\\u015fu \\u00fclke Bosna Hersek'e \\u00fccretsiz seyahat izni ald\\u0131k. Onu her g\\u00fcn hem da\\u011flarda hem de sahil boyunca s\\u00fcrd\\u00fck. Araba iyi. Bunun i\\u00e7in bir depozito \\u00f6dedik ve bu tutar\\u0131n tamam\\u0131 bize iade edildi. Arabay\\u0131 iade ederken de herhangi bir sorun ya\\u015fanmad\\u0131. Her \\u015fey zaman\\u0131nda. Genel olarak Renault Clio'yu bu firmadan alman\\u0131z\\u0131 tavsiye ederim.\\n\"\t\t\t}\r\n\t\t<\/script>\r\n\t\t\t\t\t<blockquote class=\"easy_testimonial\">\r\n\t\t\t\t<div class=\"easy_testimonial_image_wrapper\"><img loading=\"lazy\" decoding=\"async\" width=\"300\" height=\"300\" src=\"https:\/\/rentagor.com\/wp-content\/uploads\/2018\/10\/1-300x300.jpeg\" class=\"attachment-medium size-medium wp-post-image\" alt=\"\" \/><\/div>\t\t\r\n\t\t\t\t\t\r\n\t\t\t\t\t\t\t\t<div class=\"testimonial_body\">\r\n\t\t\t\t\t<p>Arabay\u0131 2 haftal\u0131\u011f\u0131na kiralad\u0131k. Birka\u00e7 ay \u00f6nceden rezervasyon yapt\u0131rd\u0131k. Ara\u00e7 tam zaman\u0131nda teslim edildi. Kom\u015fu \u00fclke Bosna Hersek'e \u00fccretsiz seyahat izni ald\u0131k. Onu her g\u00fcn hem da\u011flarda hem de sahil boyunca s\u00fcrd\u00fck. Araba iyi. Bunun i\u00e7in bir depozito \u00f6dedik ve bu tutar\u0131n tamam\u0131 bize iade edildi. Arabay\u0131 iade ederken de herhangi bir sorun ya\u015fanmad\u0131. Her \u015fey zaman\u0131nda. Genel olarak Renault Clio'yu bu firmadan alman\u0131z\u0131 tavsiye ederim.<\/p>\n\t\t\t\t\t\t\t\t\t<\/div>\t\r\n\t\t\t\t\t\t\t\t\r\n\t\t\t\t<p class=\"testimonial_author\">\r\n\t\t\t\t\t\t\t\t\t\t\t\t\t\t\t<cite>\r\n\t\t\t\t\t\t\t\t\t\t\t\t\t<span class=\"testimonial-client\">Elena<\/span>\r\n\t\t\t\t\t\t\t\t\t\t\t\t\t\t\t\t\t\t\t\t\t\t\t\t\t\t\t\t\t\t\t<span class=\"date\">07.10.2018<\/span>\r\n\t\t\t\t\t\t\t\t\t\t\t\t\t\t\t\t\t<\/cite>\r\n\t\t\t\t\t\t\t\t\t\t\r\n\t\t\t\t<\/p>\t\r\n\t\t\t\t\t\t\t\t\t\t\t\t<div class=\"easy_t_clear\"><\/div>\r\n\t\t\t<\/blockquote>\r\n\t\t<\/div>\t\t<div class=\"style-no_style  show_thumbs hide_title show_position show_date stars_rating show_other easy-t-category-feedback-from-our-customers  easy_t_single_testimonial\">\r\n\t\t\t\t\t<script>\r\n\t\t\t{\r\n\t\t\t  \"@context\": \"http:\/\/schema.org\/\",\r\n\t\t\t  \"@type\": \"Review\",\r\n\t\t\t  \"itemReviewed\": {\r\n\t\t\t\t\"@type\": \"Organization\",\r\n\t\t\t\t\"name\": \"\"\t\t\t  },\r\n\t\t\t  \"reviewRating\": {\r\n\t\t\t\t\"@type\": \"Rating\",\r\n\t\t\t\t\"ratingValue\": 5,\r\n\t\t\t\t\"bestRating\": \"5\"\r\n\t\t\t  },\r\n\t\t\t  \"name\": \"Igor\",\r\n\t\t\t  \"author\": {\r\n\t\t\t\t\"@type\": \"Person\",\r\n\t\t\t\t\"name\": \"[:ru]\\u0418\\u0433\\u043e\\u0440\\u044c[:en]Igor[:tr]Igor\"\t\t\t  },\r\n\t\t\t  \"reviewBody\": \"The car was returned, everything is excellent. Thank you! We will recommend you to our friends.\\n\"\t\t\t}\r\n\t\t<\/script>\r\n\t\t\t\t\t<blockquote class=\"easy_testimonial\">\r\n\t\t\t\t<div class=\"easy_testimonial_image_wrapper\"><img loading=\"lazy\" decoding=\"async\" width=\"300\" height=\"300\" src=\"https:\/\/rentagor.com\/wp-content\/uploads\/2018\/10\/be6f7faa7fa89935df97d207a7dc5288-300x300.jpg\" class=\"attachment-medium size-medium wp-post-image\" alt=\"\" \/><\/div>\t\t\r\n\t\t\t\t\t\r\n\t\t\t\t\t\t\t\t<div class=\"testimonial_body\">\r\n\t\t\t\t\t<p>The car was returned, everything is excellent. Thank you! We will recommend you to our friends.<\/p>\n\t\t\t\t\t\t\t\t\t<\/div>\t\r\n\t\t\t\t\t\t\t\t\r\n\t\t\t\t<p class=\"testimonial_author\">\r\n\t\t\t\t\t\t\t\t\t\t\t\t\t\t\t<cite>\r\n\t\t\t\t\t\t\t\t\t\t\t\t\t<span class=\"testimonial-client\">Igor<\/span>\r\n\t\t\t\t\t\t\t\t\t\t\t\t\t\t\t\t\t\t\t\t\t\t\t\t\t\t\t\t\t\t\t<span class=\"date\">06.10.2018<\/span>\r\n\t\t\t\t\t\t\t\t\t\t\t\t\t\t\t\t\t<\/cite>\r\n\t\t\t\t\t\t\t\t\t\t\r\n\t\t\t\t<\/p>\t\r\n\t\t\t\t\t\t\t\t\t\t\t\t<div class=\"easy_t_clear\"><\/div>\r\n\t\t\t<\/blockquote>\r\n\t\t<\/div>\t\t<div class=\"style-no_style  show_thumbs hide_title show_position show_date stars_rating show_other easy-t-category-feedback-from-our-customers  easy_t_single_testimonial\">\r\n\t\t\t\t\t<script>\r\n\t\t\t{\r\n\t\t\t  \"@context\": \"http:\/\/schema.org\/\",\r\n\t\t\t  \"@type\": \"Review\",\r\n\t\t\t  \"itemReviewed\": {\r\n\t\t\t\t\"@type\": \"Organization\",\r\n\t\t\t\t\"name\": \"\"\t\t\t  },\r\n\t\t\t  \"reviewRating\": {\r\n\t\t\t\t\"@type\": \"Rating\",\r\n\t\t\t\t\"ratingValue\": 5,\r\n\t\t\t\t\"bestRating\": \"5\"\r\n\t\t\t  },\r\n\t\t\t  \"name\": \"Maksim Kovalenko\",\r\n\t\t\t  \"author\": {\r\n\t\t\t\t\"@type\": \"Person\",\r\n\t\t\t\t\"name\": \"[:ru]\\u041c\\u0430\\u043a\\u0441\\u0438\\u043c \\u041a\\u043e\\u0432\\u0430\\u043b\\u0435\\u043d\\u043a\\u043e[:en]Maksim Kovalenko[:tr]Maksim Kovalenko\"\t\t\t  },\r\n\t\t\t  \"reviewBody\": \"Eduard, thank you for the rental: everything was great. You were efficient, patient and reasonably accommodating ) We will contact you again.\\n\"\t\t\t}\r\n\t\t<\/script>\r\n\t\t\t\t\t<blockquote class=\"easy_testimonial\">\r\n\t\t\t\t<div class=\"easy_testimonial_image_wrapper\"><img loading=\"lazy\" decoding=\"async\" width=\"300\" height=\"286\" src=\"https:\/\/rentagor.com\/wp-content\/uploads\/2018\/10\/IMG_3690-300x286.jpg\" class=\"attachment-medium size-medium wp-post-image\" alt=\"\" \/><\/div>\t\t\r\n\t\t\t\t\t\r\n\t\t\t\t\t\t\t\t<div class=\"testimonial_body\">\r\n\t\t\t\t\t<p>Eduard, thank you for the rental: everything was great. You were efficient, patient and reasonably accommodating ) We will contact you again.<\/p>\n\t\t\t\t\t\t\t\t\t<\/div>\t\r\n\t\t\t\t\t\t\t\t\r\n\t\t\t\t<p class=\"testimonial_author\">\r\n\t\t\t\t\t\t\t\t\t\t\t\t\t\t\t<cite>\r\n\t\t\t\t\t\t\t\t\t\t\t\t\t<span class=\"testimonial-client\">Maksim Kovalenko<\/span>\r\n\t\t\t\t\t\t\t\t\t\t\t\t\t\t\t\t\t\t\t\t\t\t\t\t\t\t\t\t\t\t\t<span class=\"date\">06.10.2018<\/span>\r\n\t\t\t\t\t\t\t\t\t\t\t\t\t\t\t\t\t<\/cite>\r\n\t\t\t\t\t\t\t\t\t\t\r\n\t\t\t\t<\/p>\t\r\n\t\t\t\t\t\t\t\t\t\t\t\t<div class=\"easy_t_clear\"><\/div>\r\n\t\t\t<\/blockquote>\r\n\t\t<\/div>\t\t\t<div class=\"easy_t_pagination\">                               \r\n\t\t\t\t<span aria-current=\"page\" class=\"page-numbers current\">1<\/span>\n<a class=\"page-numbers\" href=\"https:\/\/rentagor.com\/tr\/wp-json\/wp\/v2\/pages\/3846?testimonial_page=2\">2<\/a>\n<a class=\"page-numbers\" href=\"https:\/\/rentagor.com\/tr\/wp-json\/wp\/v2\/pages\/3846?testimonial_page=3\">3<\/a>\n<a class=\"next page-numbers\" href=\"https:\/\/rentagor.com\/tr\/wp-json\/wp\/v2\/pages\/3846?testimonial_page=2\">Sonraki &raquo;<\/a>\t\t\t<\/div>  \r\n\t\t\t\n","protected":false},"excerpt":{"rendered":"","protected":false},"author":1,"featured_media":0,"parent":0,"menu_order":0,"comment_status":"open","ping_status":"closed","template":"","meta":{"ngg_post_thumbnail":0,"footnotes":""},"class_list":["post-3846","page","type-page","status-publish","hentry"],"yoast_head":"<!-- This site is optimized with the Yoast SEO plugin v27.2 - https:\/\/yoast.com\/product\/yoast-seo-wordpress\/ -->\n<title>Yorumlar<\/title>\n<meta name=\"robots\" content=\"index, follow, max-snippet:-1, max-image-preview:large, max-video-preview:-1\" \/>\n<link rel=\"canonical\" href=\"https:\/\/rentagor.com\/tr\/reviews\/\" \/>\n<meta property=\"og:locale\" content=\"tr_TR\" \/>\n<meta property=\"og:locale:alternate\" content=\"ru_RU\" \/>\n<meta property=\"og:locale:alternate\" content=\"en_US\" \/>\n<meta property=\"og:type\" content=\"article\" \/>\n<meta property=\"og:title\" content=\"Yorumlar\" \/>\n<meta property=\"og:description\" content=\"\u0414\u0440\u0443\u0433\u0438\u0435 \u043e\u0442\u0437\u044b\u0432\u044b:\" \/>\n<meta property=\"og:url\" content=\"https:\/\/rentagor.com\/tr\/reviews\/\" \/>\n<meta property=\"og:site_name\" content=\"Montenegro ara\u00e7 kiralama\" \/>\n<meta property=\"article:modified_time\" content=\"2025-06-14T19:13:47+00:00\" \/>\n<meta name=\"twitter:card\" content=\"summary_large_image\" \/>\n<meta name=\"twitter:label1\" content=\"Tahmini okuma s\u00fcresi\" \/>\n\t<meta name=\"twitter:data1\" content=\"1 dakika\" \/>\n<script type=\"application\/ld+json\" class=\"yoast-schema-graph\">{\"@context\":\"https:\/\/schema.org\",\"@graph\":[{\"@type\":\"WebPage\",\"@id\":\"https:\/\/rentagor.com\/en\/reviews\/\",\"url\":\"https:\/\/rentagor.com\/en\/reviews\/\",\"name\":\"Yorumlar\",\"isPartOf\":{\"@id\":\"https:\/\/rentagor.com\/ru\/#website\"},\"datePublished\":\"2018-08-13T17:11:45+00:00\",\"dateModified\":\"2025-06-14T19:13:47+00:00\",\"breadcrumb\":{\"@id\":\"https:\/\/rentagor.com\/en\/reviews\/#breadcrumb\"},\"inLanguage\":\"tr-TR\",\"potentialAction\":[{\"@type\":\"ReadAction\",\"target\":[\"https:\/\/rentagor.com\/en\/reviews\/\"]}]},{\"@type\":\"BreadcrumbList\",\"@id\":\"https:\/\/rentagor.com\/en\/reviews\/#breadcrumb\",\"itemListElement\":[{\"@type\":\"ListItem\",\"position\":1,\"name\":\"\u0413\u043b\u0430\u0432\u043d\u0430\u044f \u0441\u0442\u0440\u0430\u043d\u0438\u0446\u0430\",\"item\":\"https:\/\/rentagor.com\/ru\/\"},{\"@type\":\"ListItem\",\"position\":2,\"name\":\"Reviews\"}]},{\"@type\":\"WebSite\",\"@id\":\"https:\/\/rentagor.com\/ru\/#website\",\"url\":\"https:\/\/rentagor.com\/ru\/\",\"name\":\"Montenegro ara\u00e7 kiralama\",\"description\":\"\u015eirketimiz Montenegroda kaliteli araba kiralama hizmeti vermektedir.\",\"potentialAction\":[{\"@type\":\"SearchAction\",\"target\":{\"@type\":\"EntryPoint\",\"urlTemplate\":\"https:\/\/rentagor.com\/ru\/?s={search_term_string}\"},\"query-input\":{\"@type\":\"PropertyValueSpecification\",\"valueRequired\":true,\"valueName\":\"search_term_string\"}}],\"inLanguage\":\"tr-TR\"}]}<\/script>\n<!-- \/ Yoast SEO plugin. -->","yoast_head_json":{"title":"Yorumlar","robots":{"index":"index","follow":"follow","max-snippet":"max-snippet:-1","max-image-preview":"max-image-preview:large","max-video-preview":"max-video-preview:-1"},"canonical":"https:\/\/rentagor.com\/tr\/reviews\/","og_locale":"tr_TR","og_type":"article","og_title":"[:ru]\u041e\u0442\u0437\u044b\u0432\u044b[:en]Reviews[:tr]Yorumlar[:] - Montenegro ara\u00e7 kiralama","og_description":"\u0414\u0440\u0443\u0433\u0438\u0435 \u043e\u0442\u0437\u044b\u0432\u044b:","og_url":"https:\/\/rentagor.com\/tr\/reviews\/","og_site_name":"Montenegro ara\u00e7 kiralama","article_modified_time":"2025-06-14T19:13:47+00:00","twitter_card":"summary_large_image","twitter_misc":{"Tahmini okuma s\u00fcresi":"1 dakika"},"schema":{"@context":"https:\/\/schema.org","@graph":[{"@type":"WebPage","@id":"https:\/\/rentagor.com\/en\/reviews\/","url":"https:\/\/rentagor.com\/en\/reviews\/","name":"Yorumlar","isPartOf":{"@id":"https:\/\/rentagor.com\/ru\/#website"},"datePublished":"2018-08-13T17:11:45+00:00","dateModified":"2025-06-14T19:13:47+00:00","breadcrumb":{"@id":"https:\/\/rentagor.com\/en\/reviews\/#breadcrumb"},"inLanguage":"tr-TR","potentialAction":[{"@type":"ReadAction","target":["https:\/\/rentagor.com\/en\/reviews\/"]}]},{"@type":"BreadcrumbList","@id":"https:\/\/rentagor.com\/en\/reviews\/#breadcrumb","itemListElement":[{"@type":"ListItem","position":1,"name":"\u0413\u043b\u0430\u0432\u043d\u0430\u044f \u0441\u0442\u0440\u0430\u043d\u0438\u0446\u0430","item":"https:\/\/rentagor.com\/ru\/"},{"@type":"ListItem","position":2,"name":"Reviews"}]},{"@type":"WebSite","@id":"https:\/\/rentagor.com\/ru\/#website","url":"https:\/\/rentagor.com\/ru\/","name":"Montenegro ara\u00e7 kiralama","description":"\u015eirketimiz Montenegroda kaliteli araba kiralama hizmeti vermektedir.","potentialAction":[{"@type":"SearchAction","target":{"@type":"EntryPoint","urlTemplate":"https:\/\/rentagor.com\/ru\/?s={search_term_string}"},"query-input":{"@type":"PropertyValueSpecification","valueRequired":true,"valueName":"search_term_string"}}],"inLanguage":"tr-TR"}]}},"_links":{"self":[{"href":"https:\/\/rentagor.com\/tr\/wp-json\/wp\/v2\/pages\/3846","targetHints":{"allow":["GET"]}}],"collection":[{"href":"https:\/\/rentagor.com\/tr\/wp-json\/wp\/v2\/pages"}],"about":[{"href":"https:\/\/rentagor.com\/tr\/wp-json\/wp\/v2\/types\/page"}],"author":[{"embeddable":true,"href":"https:\/\/rentagor.com\/tr\/wp-json\/wp\/v2\/users\/1"}],"replies":[{"embeddable":true,"href":"https:\/\/rentagor.com\/tr\/wp-json\/wp\/v2\/comments?post=3846"}],"version-history":[{"count":18,"href":"https:\/\/rentagor.com\/tr\/wp-json\/wp\/v2\/pages\/3846\/revisions"}],"predecessor-version":[{"id":6604,"href":"https:\/\/rentagor.com\/tr\/wp-json\/wp\/v2\/pages\/3846\/revisions\/6604"}],"wp:attachment":[{"href":"https:\/\/rentagor.com\/tr\/wp-json\/wp\/v2\/media?parent=3846"}],"curies":[{"name":"wp","href":"https:\/\/api.w.org\/{rel}","templated":true}]}}