{"id":735,"date":"2011-06-23T18:39:14","date_gmt":"2011-06-24T01:39:14","guid":{"rendered":"https:\/\/wpthemetestdata.wordpress.com\/?page_id=735"},"modified":"2019-02-26T00:09:40","modified_gmt":"2019-02-25T21:09:40","slug":"company","status":"publish","type":"page","link":"https:\/\/rentagor.com\/tr\/company\/","title":{"rendered":"Hakk\u0131m\u0131zda"},"content":{"rendered":"<p>RentaGor den Karada\u011fda ara\u00e7 kiralama. Bizimle Karada\u011f&#8217;da araba kiralamak kolayd\u0131r! B\u00fcy\u00fck bir zevkle Karada\u011f&#8217;da ara\u00e7 kiralaman\u0131za yard\u0131mc\u0131 olaca\u011f\u0131z. T\u00fcm Karada\u011f&#8217;da araba teslimat\u0131. \u00dccretsiz Tivat havaalan\u0131nda araba kiralay\u0131n.<\/p>\n","protected":false},"excerpt":{"rendered":"<p>RentaGor den Karada\u011fda ara\u00e7 kiralama. Bizimle Karada\u011f&#8217;da araba kiralamak kolayd\u0131r! B\u00fcy\u00fck bir zevkle Karada\u011f&#8217;da ara\u00e7 kiralaman\u0131za yard\u0131mc\u0131 olaca\u011f\u0131z. T\u00fcm Karada\u011f&#8217;da araba teslimat\u0131. \u00dccretsiz Tivat havaalan\u0131nda araba kiralay\u0131n.<\/p>\n","protected":false},"author":1,"featured_media":0,"parent":0,"menu_order":11,"comment_status":"open","ping_status":"closed","template":"","meta":{"ngg_post_thumbnail":0,"footnotes":""},"class_list":["post-735","page","type-page","status-publish","hentry"],"yoast_head":"<!-- This site is optimized with the Yoast SEO plugin v27.2 - https:\/\/yoast.com\/product\/yoast-seo-wordpress\/ -->\n<title>Hakk\u0131m\u0131zda<\/title>\n<meta name=\"robots\" content=\"index, follow, max-snippet:-1, max-image-preview:large, max-video-preview:-1\" \/>\n<link rel=\"canonical\" href=\"https:\/\/rentagor.com\/tr\/company\/\" \/>\n<meta property=\"og:locale\" content=\"tr_TR\" \/>\n<meta property=\"og:locale:alternate\" content=\"ru_RU\" \/>\n<meta property=\"og:locale:alternate\" content=\"en_US\" \/>\n<meta property=\"og:type\" content=\"article\" \/>\n<meta property=\"og:title\" content=\"Hakk\u0131m\u0131zda\" \/>\n<meta property=\"og:description\" content=\"RentaGor den Karada\u011fda ara\u00e7 kiralama. Bizimle Karada\u011f&#8217;da araba kiralamak kolayd\u0131r! B\u00fcy\u00fck bir zevkle Karada\u011f&#8217;da ara\u00e7 kiralaman\u0131za yard\u0131mc\u0131 olaca\u011f\u0131z. T\u00fcm Karada\u011f&#8217;da araba teslimat\u0131. \u00dccretsiz Tivat havaalan\u0131nda araba kiralay\u0131n.\" \/>\n<meta property=\"og:url\" content=\"https:\/\/rentagor.com\/tr\/company\/\" \/>\n<meta property=\"og:site_name\" content=\"Montenegro ara\u00e7 kiralama\" \/>\n<meta property=\"article:modified_time\" content=\"2019-02-25T21:09:40+00:00\" \/>\n<meta name=\"twitter:card\" content=\"summary_large_image\" \/>\n<script type=\"application\/ld+json\" class=\"yoast-schema-graph\">{\"@context\":\"https:\/\/schema.org\",\"@graph\":[{\"@type\":\"WebPage\",\"@id\":\"https:\/\/rentagor.com\/ru\/company\/\",\"url\":\"https:\/\/rentagor.com\/ru\/company\/\",\"name\":\"Hakk\u0131m\u0131zda\",\"isPartOf\":{\"@id\":\"https:\/\/rentagor.com\/ru\/#website\"},\"datePublished\":\"2011-06-24T01:39:14+00:00\",\"dateModified\":\"2019-02-25T21:09:40+00:00\",\"breadcrumb\":{\"@id\":\"https:\/\/rentagor.com\/ru\/company\/#breadcrumb\"},\"inLanguage\":\"tr-TR\",\"potentialAction\":[{\"@type\":\"ReadAction\",\"target\":[\"https:\/\/rentagor.com\/ru\/company\/\"]}]},{\"@type\":\"BreadcrumbList\",\"@id\":\"https:\/\/rentagor.com\/ru\/company\/#breadcrumb\",\"itemListElement\":[{\"@type\":\"ListItem\",\"position\":1,\"name\":\"\u0413\u043b\u0430\u0432\u043d\u0430\u044f \u0441\u0442\u0440\u0430\u043d\u0438\u0446\u0430\",\"item\":\"https:\/\/rentagor.com\/ru\/\"},{\"@type\":\"ListItem\",\"position\":2,\"name\":\"\u041a\u043e\u043c\u043f\u0430\u043d\u0438\u044f\"}]},{\"@type\":\"WebSite\",\"@id\":\"https:\/\/rentagor.com\/ru\/#website\",\"url\":\"https:\/\/rentagor.com\/ru\/\",\"name\":\"Montenegro ara\u00e7 kiralama\",\"description\":\"\u015eirketimiz Montenegroda kaliteli araba kiralama hizmeti vermektedir.\",\"potentialAction\":[{\"@type\":\"SearchAction\",\"target\":{\"@type\":\"EntryPoint\",\"urlTemplate\":\"https:\/\/rentagor.com\/ru\/?s={search_term_string}\"},\"query-input\":{\"@type\":\"PropertyValueSpecification\",\"valueRequired\":true,\"valueName\":\"search_term_string\"}}],\"inLanguage\":\"tr-TR\"}]}<\/script>\n<!-- \/ Yoast SEO plugin. -->","yoast_head_json":{"title":"Hakk\u0131m\u0131zda","robots":{"index":"index","follow":"follow","max-snippet":"max-snippet:-1","max-image-preview":"max-image-preview:large","max-video-preview":"max-video-preview:-1"},"canonical":"https:\/\/rentagor.com\/tr\/company\/","og_locale":"tr_TR","og_type":"article","og_title":"[:ru]\u041a\u043e\u043c\u043f\u0430\u043d\u0438\u044f[:en]Company[:tr]Hakk\u0131m\u0131zda[:] - Montenegro ara\u00e7 kiralama","og_description":"RentaGor den Karada\u011fda ara\u00e7 kiralama. Bizimle Karada\u011f&#8217;da araba kiralamak kolayd\u0131r! B\u00fcy\u00fck bir zevkle Karada\u011f&#8217;da ara\u00e7 kiralaman\u0131za yard\u0131mc\u0131 olaca\u011f\u0131z. T\u00fcm Karada\u011f&#8217;da araba teslimat\u0131. \u00dccretsiz Tivat havaalan\u0131nda araba kiralay\u0131n.","og_url":"https:\/\/rentagor.com\/tr\/company\/","og_site_name":"Montenegro ara\u00e7 kiralama","article_modified_time":"2019-02-25T21:09:40+00:00","twitter_card":"summary_large_image","schema":{"@context":"https:\/\/schema.org","@graph":[{"@type":"WebPage","@id":"https:\/\/rentagor.com\/ru\/company\/","url":"https:\/\/rentagor.com\/ru\/company\/","name":"Hakk\u0131m\u0131zda","isPartOf":{"@id":"https:\/\/rentagor.com\/ru\/#website"},"datePublished":"2011-06-24T01:39:14+00:00","dateModified":"2019-02-25T21:09:40+00:00","breadcrumb":{"@id":"https:\/\/rentagor.com\/ru\/company\/#breadcrumb"},"inLanguage":"tr-TR","potentialAction":[{"@type":"ReadAction","target":["https:\/\/rentagor.com\/ru\/company\/"]}]},{"@type":"BreadcrumbList","@id":"https:\/\/rentagor.com\/ru\/company\/#breadcrumb","itemListElement":[{"@type":"ListItem","position":1,"name":"\u0413\u043b\u0430\u0432\u043d\u0430\u044f \u0441\u0442\u0440\u0430\u043d\u0438\u0446\u0430","item":"https:\/\/rentagor.com\/ru\/"},{"@type":"ListItem","position":2,"name":"\u041a\u043e\u043c\u043f\u0430\u043d\u0438\u044f"}]},{"@type":"WebSite","@id":"https:\/\/rentagor.com\/ru\/#website","url":"https:\/\/rentagor.com\/ru\/","name":"Montenegro ara\u00e7 kiralama","description":"\u015eirketimiz Montenegroda kaliteli araba kiralama hizmeti vermektedir.","potentialAction":[{"@type":"SearchAction","target":{"@type":"EntryPoint","urlTemplate":"https:\/\/rentagor.com\/ru\/?s={search_term_string}"},"query-input":{"@type":"PropertyValueSpecification","valueRequired":true,"valueName":"search_term_string"}}],"inLanguage":"tr-TR"}]}},"_links":{"self":[{"href":"https:\/\/rentagor.com\/tr\/wp-json\/wp\/v2\/pages\/735","targetHints":{"allow":["GET"]}}],"collection":[{"href":"https:\/\/rentagor.com\/tr\/wp-json\/wp\/v2\/pages"}],"about":[{"href":"https:\/\/rentagor.com\/tr\/wp-json\/wp\/v2\/types\/page"}],"author":[{"embeddable":true,"href":"https:\/\/rentagor.com\/tr\/wp-json\/wp\/v2\/users\/1"}],"replies":[{"embeddable":true,"href":"https:\/\/rentagor.com\/tr\/wp-json\/wp\/v2\/comments?post=735"}],"version-history":[{"count":14,"href":"https:\/\/rentagor.com\/tr\/wp-json\/wp\/v2\/pages\/735\/revisions"}],"predecessor-version":[{"id":1860,"href":"https:\/\/rentagor.com\/tr\/wp-json\/wp\/v2\/pages\/735\/revisions\/1860"}],"wp:attachment":[{"href":"https:\/\/rentagor.com\/tr\/wp-json\/wp\/v2\/media?parent=735"}],"curies":[{"name":"wp","href":"https:\/\/api.w.org\/{rel}","templated":true}]}}